{"id":29,"date":"2026-03-19T09:10:12","date_gmt":"2026-03-19T09:10:12","guid":{"rendered":"https:\/\/emploia.se\/startsida\/"},"modified":"2026-03-23T11:21:19","modified_gmt":"2026-03-23T11:21:19","slug":"startsida","status":"publish","type":"page","link":"https:\/\/emploia.se\/en\/","title":{"rendered":"Startsida"},"content":{"rendered":"\n<div class=\"wp-block-group alignfull ext-hero-section is-style-ext-preset--group--natural-1--section has-background-background-color has-background has-global-padding is-layout-constrained wp-block-group-is-layout-constrained\" style=\"margin-top:0;margin-bottom:0;padding-top:var(--wp--preset--spacing--50);padding-bottom:var(--wp--preset--spacing--70)\">\n<div class=\"wp-block-columns alignwide are-vertically-aligned-center ext-animate--off animated fadeInUp slower is-layout-flex wp-container-core-columns-is-layout-174606dc wp-block-columns-is-layout-flex\">\n<div class=\"wp-block-column is-vertically-aligned-center is-layout-flow wp-block-column-is-layout-flow\">\n<h1 class=\"wp-block-heading ext-animate--off\">V\u00e4gvisaren till jobb och karri\u00e4r<\/h1>\n\n\n\n<p class=\"ext-animate--off\" style=\"margin-top:1.5rem\">Emploia erbjuder unika resurser och jobbannonser anpassade f\u00f6r att unga ska lyckas p\u00e5 arbetsmarknaden. Uppt\u00e4ck varf\u00f6r vi \u00e4r det sj\u00e4lvklara valet f\u00f6r din framtid.<\/p>\n<\/div>\n\n\n\n<div class=\"wp-block-column is-vertically-aligned-center is-layout-flow wp-block-column-is-layout-flow\">\n<figure class=\"wp-block-image size-large is-style-ext-preset--image--natural-1--image-1--content-left ext-animate--off is-style-ext-preset--image--natural-1--image-1--content-left--2\"><img loading=\"lazy\" decoding=\"async\" width=\"1024\" height=\"683\" src=\"https:\/\/emploia.se\/wp-content\/uploads\/2026\/03\/1109543-1024x683.jpeg\" alt=\"A person working at a laptop with a wireless mouse and keyboard in a bright office setting.\" class=\"wp-image-59\" style=\"aspect-ratio:1;object-fit:cover\" srcset=\"https:\/\/emploia.se\/wp-content\/uploads\/2026\/03\/1109543-1024x683.jpeg 1024w, https:\/\/emploia.se\/wp-content\/uploads\/2026\/03\/1109543-300x200.jpeg 300w, https:\/\/emploia.se\/wp-content\/uploads\/2026\/03\/1109543-768x512.jpeg 768w, https:\/\/emploia.se\/wp-content\/uploads\/2026\/03\/1109543-1536x1024.jpeg 1536w, https:\/\/emploia.se\/wp-content\/uploads\/2026\/03\/1109543-18x12.jpeg 18w, https:\/\/emploia.se\/wp-content\/uploads\/2026\/03\/1109543.jpeg 1600w\" sizes=\"auto, (max-width: 1024px) 100vw, 1024px\" \/><\/figure>\n<\/div>\n<\/div>\n<\/div>\n\n\n\n<div class=\"wp-block-group alignfull is-style-ext-preset--group--natural-1--section has-tertiary-background-color has-background has-global-padding is-layout-constrained wp-block-group-is-layout-constrained\" id=\"about\" style=\"margin-top:0;margin-bottom:0;padding-top:var(--wp--preset--spacing--70);padding-bottom:var(--wp--preset--spacing--70)\">\n<div class=\"wp-block-columns alignwide are-vertically-aligned-center ext-animate--off animated fadeInUp slower is-layout-flex wp-container-core-columns-is-layout-174606dc wp-block-columns-is-layout-flex\">\n<div class=\"wp-block-column is-vertically-aligned-center is-layout-flow wp-block-column-is-layout-flow\">\n<figure class=\"wp-block-image size-large is-style-ext-preset--image--natural-1--image-1--content-right ext-animate--off is-style-ext-preset--image--natural-1--image-1--content-right--4\"><img loading=\"lazy\" decoding=\"async\" width=\"1024\" height=\"683\" src=\"https:\/\/emploia.se\/wp-content\/uploads\/2026\/03\/3184465-1024x683.jpeg\" alt=\"Close-up of professionals shaking hands over coffee in a modern office.\" class=\"wp-image-57\" style=\"aspect-ratio:1;object-fit:cover\" srcset=\"https:\/\/emploia.se\/wp-content\/uploads\/2026\/03\/3184465-1024x683.jpeg 1024w, https:\/\/emploia.se\/wp-content\/uploads\/2026\/03\/3184465-300x200.jpeg 300w, https:\/\/emploia.se\/wp-content\/uploads\/2026\/03\/3184465-768x512.jpeg 768w, https:\/\/emploia.se\/wp-content\/uploads\/2026\/03\/3184465-1536x1024.jpeg 1536w, https:\/\/emploia.se\/wp-content\/uploads\/2026\/03\/3184465-18x12.jpeg 18w, https:\/\/emploia.se\/wp-content\/uploads\/2026\/03\/3184465.jpeg 1600w\" sizes=\"auto, (max-width: 1024px) 100vw, 1024px\" \/><\/figure>\n<\/div>\n\n\n\n<div class=\"wp-block-column is-vertically-aligned-center is-layout-flow wp-block-column-is-layout-flow\">\n<h2 class=\"wp-block-heading ext-animate--off\">Din partner f\u00f6r en <br>enklare rekrytering<\/h2>\n\n\n\n<p class=\"ext-animate--off\" style=\"margin-top:1.5rem\">Emploia \u00e4r en plattform som f\u00f6renklar arbetsgivarens arbete i rekrytering av nya f\u00f6rm\u00e5gor med anpassade verktyg och tj\u00e4nster som effektiviserar processen och minskar kostnaderna.<\/p>\n<\/div>\n<\/div>\n<\/div>\n\n\n\n<div class=\"wp-block-group alignfull is-style-ext-preset--group--natural-1--section ext-animate--off has-tertiary-background-color has-background has-global-padding is-layout-constrained wp-block-group-is-layout-constrained\" id=\"contact\" style=\"margin-top:0;margin-bottom:0;padding-top:var(--wp--preset--spacing--70);padding-bottom:var(--wp--preset--spacing--70)\">\n<div class=\"wp-block-media-text alignwide is-stacked-on-mobile is-image-fill-element is-style-ext-preset--media-text--natural-1--card-1 ext-animate--off animated fadeInUp slower has-background-background-color has-background is-style-ext-preset--media-text--natural-1--card-1--6\" style=\"grid-template-columns:48% auto\"><figure class=\"wp-block-media-text__media\"><img loading=\"lazy\" decoding=\"async\" width=\"683\" height=\"1024\" src=\"https:\/\/emploia.se\/wp-content\/uploads\/2026\/03\/h0xeuqxzu38-683x1024.jpg\" alt=\"person holding black and white pen\" class=\"wp-image-56 size-full\" style=\"object-position:50% 50%\" srcset=\"https:\/\/emploia.se\/wp-content\/uploads\/2026\/03\/h0xeuqxzu38-683x1024.jpg 683w, https:\/\/emploia.se\/wp-content\/uploads\/2026\/03\/h0xeuqxzu38-200x300.jpg 200w, https:\/\/emploia.se\/wp-content\/uploads\/2026\/03\/h0xeuqxzu38-768x1152.jpg 768w, https:\/\/emploia.se\/wp-content\/uploads\/2026\/03\/h0xeuqxzu38-8x12.jpg 8w, https:\/\/emploia.se\/wp-content\/uploads\/2026\/03\/h0xeuqxzu38.jpg 800w\" sizes=\"auto, (max-width: 683px) 100vw, 683px\" \/><\/figure><div class=\"wp-block-media-text__content\">\n<div class=\"wp-block-group alignwide ext-animate--off has-global-padding is-layout-constrained wp-container-core-group-is-layout-48493932 wp-block-group-is-layout-constrained\" style=\"padding-top:var(--wp--preset--spacing--55);padding-right:var(--wp--preset--spacing--55);padding-bottom:var(--wp--preset--spacing--55);padding-left:var(--wp--preset--spacing--55)\">\n<p class=\"ext-animate--off\">Kontakta oss f\u00f6r mer information<\/p>\n\n\n<div class=\"wpforms-container wpforms-block wpforms-block-406c62bf-d413-4f54-9e34-6ea96a36e1dd wpforms-render-modern\" id=\"wpforms-22\"><form id=\"wpforms-form-22\" class=\"wpforms-validate wpforms-form wpforms-ajax-form\" data-formid=\"22\" method=\"post\" enctype=\"multipart\/form-data\" action=\"\/en\/wp-json\/wp\/v2\/pages\/29\" data-token=\"19448143b5edf8c307c9f9012743d80f\" data-token-time=\"1776515895\"><noscript class=\"wpforms-error-noscript\">Please enable JavaScript in your browser to complete this form.<\/noscript><div id=\"wpforms-error-noscript\" style=\"display: none;\">Please enable JavaScript in your browser to complete this form.<\/div><div class=\"wpforms-field-container\"><div id=\"wpforms-22-field_1-container\" class=\"wpforms-field wpforms-field-name\" data-field-id=\"1\"><label class=\"wpforms-field-label\" for=\"wpforms-22-field_1\">Namn <span class=\"wpforms-required-label\" aria-hidden=\"true\">*<\/span><\/label><input type=\"text\" id=\"wpforms-22-field_1\" class=\"wpforms-field-large wpforms-field-required\" name=\"wpforms[fields][1]\" aria-errormessage=\"wpforms-22-field_1-error\" required><\/div><div id=\"wpforms-22-field_2-container\" class=\"wpforms-field wpforms-field-email\" data-field-id=\"2\"><label class=\"wpforms-field-label\" for=\"wpforms-22-field_2\">E-post <span class=\"wpforms-required-label\" aria-hidden=\"true\">*<\/span><\/label><input type=\"email\" id=\"wpforms-22-field_2\" class=\"wpforms-field-large wpforms-field-required\" name=\"wpforms[fields][2]\" spellcheck=\"false\" aria-errormessage=\"wpforms-22-field_2-error\" required><\/div>\t\t<div id=\"wpforms-22-field_3-container\"\n\t\t\tclass=\"wpforms-field wpforms-field-text\"\n\t\t\tdata-field-type=\"text\"\n\t\t\tdata-field-id=\"3\"\n\t\t\t>\n\t\t\t<label class=\"wpforms-field-label\" for=\"wpforms-22-field_3\" >E-post Namn Meddelande<\/label>\n\t\t\t<input type=\"text\" id=\"wpforms-22-field_3\" class=\"wpforms-field-medium\" name=\"wpforms[fields][3]\" >\n\t\t<\/div>\n\t\t<div id=\"wpforms-22-field_4-container\" class=\"wpforms-field wpforms-field-textarea\" data-field-id=\"4\"><label class=\"wpforms-field-label\" for=\"wpforms-22-field_4\">Meddelande <span class=\"wpforms-required-label\" aria-hidden=\"true\">*<\/span><\/label><textarea id=\"wpforms-22-field_4\" class=\"wpforms-field-large wpforms-field-required\" name=\"wpforms[fields][4]\" aria-errormessage=\"wpforms-22-field_4-error\" required><\/textarea><\/div><script>\n\t\t\t\t( function() {\n\t\t\t\t\tconst style = document.createElement( 'style' );\n\t\t\t\t\tstyle.appendChild( document.createTextNode( '#wpforms-22-field_3-container { position: absolute !important; overflow: hidden !important; display: inline !important; height: 1px !important; width: 1px !important; z-index: -1000 !important; padding: 0 !important; } #wpforms-22-field_3-container input { visibility: hidden; } #wpforms-conversational-form-page #wpforms-22-field_3-container label { counter-increment: none; }' ) );\n\t\t\t\t\tdocument.head.appendChild( style );\n\t\t\t\t\tdocument.currentScript?.remove();\n\t\t\t\t} )();\n\t\t\t<\/script><\/div><!-- .wpforms-field-container --><div class=\"wpforms-submit-container\" ><input type=\"hidden\" name=\"wpforms[id]\" value=\"22\"><input type=\"hidden\" name=\"page_title\" value=\"\"><input type=\"hidden\" name=\"page_url\" value=\"https:\/\/emploia.se\/en\/wp-json\/wp\/v2\/pages\/29\"><input type=\"hidden\" name=\"url_referer\" value=\"\"><button type=\"submit\" name=\"wpforms[submit]\" id=\"wpforms-submit-22\" class=\"wpforms-submit\" data-alt-text=\"Skickar \u2026\" data-submit-text=\"Skicka\" aria-live=\"assertive\" value=\"wpforms-submit\">Skicka<\/button><img loading=\"lazy\" decoding=\"async\" src=\"https:\/\/emploia.se\/wp-content\/plugins\/wpforms-lite\/assets\/images\/submit-spin.svg\" class=\"wpforms-submit-spinner\" style=\"display: none;\" width=\"26\" height=\"26\" alt=\"Loading\"><\/div><\/form><\/div>  <!-- .wpforms-container --><\/div>\n<\/div><\/div>\n<\/div>\n","protected":false},"excerpt":{"rendered":"<p>V\u00e4gvisaren till jobb och karri\u00e4r Emploia erbjuder unika resurser och jobbannonser anpassade f\u00f6r att unga ska lyckas p\u00e5 arbetsmarknaden. Uppt\u00e4ck varf\u00f6r vi \u00e4r det sj\u00e4lvklara valet f\u00f6r din framtid. Din partner f\u00f6r en enklare rekrytering Emploia \u00e4r en plattform som f\u00f6renklar arbetsgivarens arbete i rekrytering av nya f\u00f6rm\u00e5gor med anpassade verktyg och tj\u00e4nster som effektiviserar [&hellip;]<\/p>\n","protected":false},"author":1,"featured_media":0,"parent":0,"menu_order":0,"comment_status":"closed","ping_status":"closed","template":"no-title","meta":{"_monsterinsights_skip_tracking":false,"_monsterinsights_sitenote_active":false,"_monsterinsights_sitenote_note":"","_monsterinsights_sitenote_category":0,"_themeisle_gutenberg_block_has_review":false,"footnotes":""},"class_list":["post-29","page","type-page","status-publish","hentry"],"_links":{"self":[{"href":"https:\/\/emploia.se\/en\/wp-json\/wp\/v2\/pages\/29","targetHints":{"allow":["GET"]}}],"collection":[{"href":"https:\/\/emploia.se\/en\/wp-json\/wp\/v2\/pages"}],"about":[{"href":"https:\/\/emploia.se\/en\/wp-json\/wp\/v2\/types\/page"}],"author":[{"embeddable":true,"href":"https:\/\/emploia.se\/en\/wp-json\/wp\/v2\/users\/1"}],"replies":[{"embeddable":true,"href":"https:\/\/emploia.se\/en\/wp-json\/wp\/v2\/comments?post=29"}],"version-history":[{"count":20,"href":"https:\/\/emploia.se\/en\/wp-json\/wp\/v2\/pages\/29\/revisions"}],"predecessor-version":[{"id":140,"href":"https:\/\/emploia.se\/en\/wp-json\/wp\/v2\/pages\/29\/revisions\/140"}],"wp:attachment":[{"href":"https:\/\/emploia.se\/en\/wp-json\/wp\/v2\/media?parent=29"}],"curies":[{"name":"wp","href":"https:\/\/api.w.org\/{rel}","templated":true}]}}